{"id":2550,"date":"2023-03-16T10:55:10","date_gmt":"2023-03-16T03:55:10","guid":{"rendered":"https:\/\/daugiathaibinhhung.com\/?page_id=2550"},"modified":"2025-09-30T17:29:50","modified_gmt":"2025-09-30T10:29:50","slug":"lien-he","status":"publish","type":"page","link":"https:\/\/daugiathaibinhhung.com\/?page_id=2550","title":{"rendered":"Li\u00ean h\u1ec7"},"content":{"rendered":"<div id=\"pl-gb2550-69e3768917a54\"  class=\"panel-layout wp-block-siteorigin-panels-layout-block\" ><div id=\"pg-gb2550-69e3768917a54-0\"  class=\"panel-grid panel-has-style\" ><div class=\"siteorigin-panels-stretch panel-row-style panel-row-style-for-gb2550-69e3768917a54-0\" data-stretch-type=\"full\" ><div id=\"pgc-gb2550-69e3768917a54-0-0\"  class=\"panel-grid-cell\" ><div id=\"panel-gb2550-69e3768917a54-0-0-0\" class=\"so-panel widget widget_sow-headline panel-first-child panel-last-child\" data-index=\"0\" ><div\n\t\t\t\n\t\t\tclass=\"so-widget-sow-headline so-widget-sow-headline-default-b8175bd807ca-2550 so-widget-fittext-wrapper\"\n\t\t\t data-fit-text-compressor=\"0.85\"\n\t\t><div class=\"sow-headline-container \">\n\t\t\t\t\t\t\t<h1 class=\"sow-headline\">\n\t\t\t\t\t\tLi\u00ean h\u1ec7 v\u1edbi \u0110\u1ea5u gi\u00e1 Th\u00e1i B\u00ecnh H\u01b0ng\t\t\t\t\t\t<\/h1>\n\t\t\t\t\t\t\t\t\t\t\t<div class=\"decoration\">\n\t\t\t\t\t\t<div class=\"decoration-inside\"><\/div>\n\t\t\t\t\t<\/div>\n\t\t\t\t\t\t\t\t\t\t\t<h3 class=\"sow-sub-headline\">\n\t\t\t\t\t\tVui l\u00f2ng \u0111i\u1ec1n c\u00e1c bi\u1ec3u m\u1eabu d\u01b0\u1edbi \u0111\u00e2y, sau khi nh\u1eadn \u0111\u01b0\u1ee3c ch\u00fang t\u00f4i s\u1ebd li\u00ean h\u1ec7 v\u1edbi b\u1ea1n trong th\u1eddi gian s\u1edbm nh\u1ea5t\t\t\t\t\t\t<\/h3>\n\t\t\t\t\t\t<\/div>\n<\/div><\/div><\/div><\/div><\/div><div id=\"pg-gb2550-69e3768917a54-1\"  class=\"panel-grid panel-has-style\" ><div class=\"siteorigin-panels-stretch panel-row-style panel-row-style-for-gb2550-69e3768917a54-1\" data-stretch-type=\"full\" ><div id=\"pgc-gb2550-69e3768917a54-1-0\"  class=\"panel-grid-cell\" ><div id=\"panel-gb2550-69e3768917a54-1-0-0\" class=\"so-panel widget widget_sow-headline panel-first-child\" data-index=\"1\" ><div\n\t\t\t\n\t\t\tclass=\"so-widget-sow-headline so-widget-sow-headline-default-4a14ae978020-2550 so-widget-fittext-wrapper\"\n\t\t\t data-fit-text-compressor=\"0.85\"\n\t\t><div class=\"sow-headline-container \">\n\t\t\t\t\t\t\t<h2 class=\"sow-headline\">\n\t\t\t\t\t\tN\u1ed9i dung li\u00ean h\u1ec7\t\t\t\t\t\t<\/h2>\n\t\t\t\t\t\t<\/div>\n<\/div><\/div><div id=\"panel-gb2550-69e3768917a54-1-0-1\" class=\"so-panel widget widget_sow-contact-form panel-last-child\" data-index=\"2\" ><div\n\t\t\t\n\t\t\tclass=\"so-widget-sow-contact-form so-widget-sow-contact-form-default-c1259b8541b5-2550\"\n\t\t\t\n\t\t>\t<form\n\t\taction=\"\/index.php?rest_route=%2Fwp%2Fv2%2Fpages%2F2550\"\n\t\tmethod=\"POST\"\n\t\tclass=\"sow-contact-form\"\n\t\tid=\"contact-form-fcf6\"\n\t>\n\n\t\t\n\t\t\t\t\t<div class=\"sow-form-field sow-form-field-name\">\n\t\t\t\t<label class=\"sow-form-field-label-above\" for=\"sow-contact-form-field-ten-cua-ban-1\">\n\t\t\t\t<strong>\n\t\t\t\t\tT\u00ean c\u1ee7a b\u1ea1n\t\t\t\t\t\t\t\t\t<\/strong>\n\t\t\t<\/label>\n\t\t\t\t\t\t\t<div class=\"sow-field-container\">\n\t\t\t\t\t\t\t<input\n\t\t\ttype=\"text\"\n\t\t\tname=\"ten-cua-ban-1\"\n\t\t\tid=\"sow-contact-form-field-ten-cua-ban-1\"\n\t\t\tvalue=\"\"\n\t\t\tclass=\"sow-text-field\"\n\t\t\t\t\t\t\t\t\/>\n\t\t\t\t\t\t<\/div>\n\t\t\t\t\t\t\t<\/div>\n\t\t\t\t\t\t<div class=\"sow-form-field sow-form-field-email\">\n\t\t\t\t<label class=\"sow-form-field-label-above\" for=\"sow-contact-form-field-dia-chi-email-cua-ban-1\">\n\t\t\t\t<strong>\n\t\t\t\t\t\u0110\u1ecba ch\u1ec9 email c\u1ee7a b\u1ea1n\t\t\t\t\t\t\t\t\t<\/strong>\n\t\t\t<\/label>\n\t\t\t\t\t\t\t<div class=\"sow-field-container\">\n\t\t\t\t\t\t\t<input\n\t\t\ttype=\"email\"\n\t\t\tname=\"dia-chi-email-cua-ban-1\"\n\t\t\tid=\"sow-contact-form-field-dia-chi-email-cua-ban-1\"\n\t\t\tvalue=\"\"\n\t\t\tclass=\"sow-text-field\"\t\t\t\t\t\t\t\t\/>\n\t\t\t\t\t\t<\/div>\n\t\t\t\t\t\t\t<\/div>\n\t\t\t\t\t\t<div class=\"sow-form-field sow-form-field-subject\">\n\t\t\t\t<label class=\"sow-form-field-label-above\" for=\"sow-contact-form-field-tieu-de-1\">\n\t\t\t\t<strong>\n\t\t\t\t\tTi\u00eau \u0111\u1ec1\t\t\t\t\t\t\t\t\t<\/strong>\n\t\t\t<\/label>\n\t\t\t\t\t\t\t<div class=\"sow-field-container\">\n\t\t\t\t\t\t\t<input\n\t\t\ttype=\"text\"\n\t\t\tname=\"tieu-de-1\"\n\t\t\tid=\"sow-contact-form-field-tieu-de-1\"\n\t\t\tvalue=\"\"\n\t\t\tclass=\"sow-text-field\"\n\t\t\t\t\t\t\t\t\/>\n\t\t\t\t\t\t<\/div>\n\t\t\t\t\t\t\t<\/div>\n\t\t\t\t\t\t<div class=\"sow-form-field sow-form-field-textarea\">\n\t\t\t\t<label class=\"sow-form-field-label-above\" for=\"sow-contact-form-field-noi-dung-lien-he-1\">\n\t\t\t\t<strong>\n\t\t\t\t\tN\u1ed9i dung li\u00ean h\u1ec7\t\t\t\t\t\t\t\t\t<\/strong>\n\t\t\t<\/label>\n\t\t\t\t\t\t\t<div class=\"sow-field-container\">\n\t\t\t\t\t\t\t<textarea\n\t\t\tname=\"noi-dung-lien-he-1\"\n\t\t\tid=\"sow-contact-form-field-noi-dung-lien-he-1\"\n\t\t\trows=\"10\"\n\t\t\t\t\t\t\t\t><\/textarea>\n\t\t\t\t\t\t<\/div>\n\t\t\t\t\t\t\t<\/div>\n\t\t\t\n\t\t\n\t\t<div class=\"sow-submit-wrapper \n\t\t\t\t\">\n\n\t\t\t<button\n\t\t\t\ttype=\"submit\"\n\t\t\t\tclass=\"sow-submit\n\t\t\t\t\t\t\t\t\"\n\t\t\t\t\t\t\t>\n\t\t\t\tContact Us\t\t\t<\/button>\n\t\t<\/div>\n\t\t\t\t<input\n\t\t\ttype=\"hidden\"\n\t\t\tname=\"instance_hash-1\"\n\t\t\tvalue=\"fcf69282\"\n\t\t\/>\n\n\t\t<input type=\"hidden\" id=\"_wpnonce\" name=\"_wpnonce\" value=\"d7351df3dc\" \/><input type=\"hidden\" name=\"_wp_http_referer\" value=\"\/index.php?rest_route=%2Fwp%2Fv2%2Fpages%2F2550\" \/>\t<\/form>\n\t<\/div><\/div><\/div><div id=\"pgc-gb2550-69e3768917a54-1-1\"  class=\"panel-grid-cell\" ><div id=\"panel-gb2550-69e3768917a54-1-1-0\" class=\"so-panel widget widget_sow-headline panel-first-child\" data-index=\"3\" ><div\n\t\t\t\n\t\t\tclass=\"so-widget-sow-headline so-widget-sow-headline-default-4a14ae978020-2550\"\n\t\t\t\n\t\t><div class=\"sow-headline-container \">\n\t\t\t\t\t\t\t<h2 class=\"sow-headline\">\n\t\t\t\t\t\tTh\u00f4ng tin li\u00ean h\u1ec7\t\t\t\t\t\t<\/h2>\n\t\t\t\t\t\t<\/div>\n<\/div><\/div><div id=\"panel-gb2550-69e3768917a54-1-1-1\" class=\"so-panel widget widget_sow-editor\" data-index=\"4\" ><div\n\t\t\t\n\t\t\tclass=\"so-widget-sow-editor so-widget-sow-editor-base\"\n\t\t\t\n\t\t>\n<div class=\"siteorigin-widget-tinymce textwidget\">\n\t<p><em><span style=\"color: #818181;\">\u0110\u1ea4U GI\u00c1 TH\u00c1I B\u00ccNH H\u01afNG<\/span><\/em><br \/>\n<em><span style=\"color: #818181;\">Tr\u1ee5 s\u1edf: S\u1ed1 412\/21 Tr\u01b0\u01a1ng C\u00f4ng \u0110\u1ecbnh, ph\u01b0\u1eddng Tam Th\u1eafng, TP. H\u1ed3 Ch\u00ed Minh<\/span><\/em><br \/>\n<em><span style=\"color: #818181;\">VP l\u00e0m vi\u1ec7c: S\u1ed1 01 L\u00f4 R \u0111\u01b0\u1eddng L\u01b0\u01a1ng Th\u1ebf Vinh, ph\u01b0\u1eddng Tam Th\u1eafng, TP. H\u1ed3 Ch\u00ed Minh<\/span><\/em><br \/>\n<em><span style=\"color: #818181;\">Tel: 0254 3573968 &#8211; Fax: 0254 3573968<\/span><\/em><br \/>\n<em><span style=\"color: #818181;\">Email: tranluongdaugia@gmail.com<\/span><\/em><\/p>\n<\/div>\n<\/div><\/div><div id=\"panel-gb2550-69e3768917a54-1-1-2\" class=\"so-panel widget widget_sow-social-media-buttons panel-last-child\" data-index=\"5\" ><div\n\t\t\t\n\t\t\tclass=\"so-widget-sow-social-media-buttons so-widget-sow-social-media-buttons-wire-ed23b0ac05d0-2550\"\n\t\t\t\n\t\t>\n\n<div class=\"social-media-button-container\">\n\t<\/div>\n<\/div><\/div><\/div><div id=\"pgc-gb2550-69e3768917a54-1-2\"  class=\"panel-grid-cell\" ><div id=\"panel-gb2550-69e3768917a54-1-2-0\" class=\"widget_text so-panel widget widget_custom_html panel-first-child panel-last-child\" data-index=\"6\" ><div class=\"textwidget custom-html-widget\"><iframe src=\"https:\/\/www.google.com\/maps\/embed?pb=!1m18!1m12!1m3!1d2276.255425853374!2d107.09080052468413!3d10.368443082182713!2m3!1f0!2f0!3f0!3m2!1i1024!2i768!4f13.1!3m3!1m2!1s0x31756f670d0908e5%3A0x41ed5885ce5577e4!2zVlAgQ8O0bmcgdHkgxJHhuqV1IGdpw6EgaOG7o3AgZGFuaCBUaMOhaSBCw6xuaCBIxrBuZw!5e1!3m2!1svi!2s!4v1759228076416!5m2!1svi!2s\" width=\"600\" height=\"450\" style=\"border:0;\" allowfullscreen=\"\" loading=\"lazy\" referrerpolicy=\"no-referrer-when-downgrade\"><\/iframe><\/div><\/div><\/div><\/div><\/div><\/div>","protected":false},"excerpt":{"rendered":"<p>\u0110\u1ea4U GI\u00c1 TH\u00c1I B\u00ccNH H\u01afNG Tr\u1ee5 s\u1edf: S\u1ed1 412\/21 Tr\u01b0\u01a1ng C\u00f4ng \u0110\u1ecbnh, ph\u01b0\u1eddng Tam Th\u1eafng, TP. H\u1ed3 Ch\u00ed Minh VP l\u00e0m vi\u1ec7c: S\u1ed1 01 L\u00f4 R \u0111\u01b0\u1eddng L\u01b0\u01a1ng Th\u1ebf Vinh, ph\u01b0\u1eddng Tam Th\u1eafng, TP. H\u1ed3 Ch\u00ed Minh Tel: 0254 3573968 &#8211; Fax: 0254 3573968 Email: tranluongdaugia@gmail.com<\/p>\n","protected":false},"author":1,"featured_media":0,"parent":0,"menu_order":0,"comment_status":"closed","ping_status":"closed","template":"","meta":{"footnotes":""},"class_list":["post-2550","page","type-page","status-publish","hentry","no-thumb"],"_links":{"self":[{"href":"https:\/\/daugiathaibinhhung.com\/index.php?rest_route=\/wp\/v2\/pages\/2550","targetHints":{"allow":["GET"]}}],"collection":[{"href":"https:\/\/daugiathaibinhhung.com\/index.php?rest_route=\/wp\/v2\/pages"}],"about":[{"href":"https:\/\/daugiathaibinhhung.com\/index.php?rest_route=\/wp\/v2\/types\/page"}],"author":[{"embeddable":true,"href":"https:\/\/daugiathaibinhhung.com\/index.php?rest_route=\/wp\/v2\/users\/1"}],"replies":[{"embeddable":true,"href":"https:\/\/daugiathaibinhhung.com\/index.php?rest_route=%2Fwp%2Fv2%2Fcomments&post=2550"}],"version-history":[{"count":15,"href":"https:\/\/daugiathaibinhhung.com\/index.php?rest_route=\/wp\/v2\/pages\/2550\/revisions"}],"predecessor-version":[{"id":2918,"href":"https:\/\/daugiathaibinhhung.com\/index.php?rest_route=\/wp\/v2\/pages\/2550\/revisions\/2918"}],"wp:attachment":[{"href":"https:\/\/daugiathaibinhhung.com\/index.php?rest_route=%2Fwp%2Fv2%2Fmedia&parent=2550"}],"curies":[{"name":"wp","href":"https:\/\/api.w.org\/{rel}","templated":true}]}}